{"id":1179,"date":"2024-10-02T12:32:48","date_gmt":"2024-10-02T16:32:48","guid":{"rendered":"https:\/\/www.a13pl.com\/?page_id=1179"},"modified":"2024-10-24T09:36:25","modified_gmt":"2024-10-24T13:36:25","slug":"prestataire-services-3pl-montreal","status":"publish","type":"page","link":"https:\/\/www.a13pl.com\/fr\/prestataire-services-3pl-montreal\/","title":{"rendered":"Services"},"content":{"rendered":"\t\t<div data-elementor-type=\"wp-page\" data-elementor-id=\"1179\" class=\"elementor elementor-1179 elementor-1178\" data-elementor-post-type=\"page\">\n\t\t\t\t\t\t<section class=\"wd-negative-gap elementor-section elementor-top-section elementor-element elementor-element-470d485b elementor-section-boxed elementor-section-height-default elementor-section-height-default\" data-id=\"470d485b\" data-element_type=\"section\">\n\t\t\t\t\t\t<div class=\"elementor-container elementor-column-gap-default\">\n\t\t\t\t\t<div class=\"elementor-column elementor-col-100 elementor-top-column elementor-element elementor-element-57afeede\" data-id=\"57afeede\" data-element_type=\"column\">\n\t\t\t<div class=\"elementor-widget-wrap elementor-element-populated\">\n\t\t\t\t\t\t<div class=\"elementor-element elementor-element-130940d7 elementor-widget elementor-widget-slider_revolution\" data-id=\"130940d7\" data-element_type=\"widget\" data-widget_type=\"slider_revolution.default\">\n\t\t\t\t<div class=\"elementor-widget-container\">\n\t\t\t\t\t\n\t\t<div class=\"wp-block-themepunch-revslider\">\n\t\t\t\t<p class=\"rs-p-wp-fix\"><\/p>\n\t\t\t\t<sr7-module data-alias=\"Service-FR\" data-id=\"15\" id=\"SR7_15_1\" class=\"rs-ov-hidden\" data-version=\"6.7.40\">\n\t\t\t\t\t<sr7-adjuster><\/sr7-adjuster>\n\t\t\t\t\t<sr7-content>\n\t\t\t\t\t\t<sr7-slide id=\"SR7_15_1-20\" data-key=\"20\">\n\t\t\t\t\t\t\t<a id=\"SR7_15_1-20-1\" class=\"sr7-layer\" href=\"https:\/\/www.a13pl.com\/fr\/nous-joindre\/\" target=\"_self\">Contactez-Nous<\/a>\n\t\t\t\t\t\t\t<sr7-txt id=\"SR7_15_1-20-2\" class=\"sr7-layer\">SERVICES 3PL COMPR\u00c9HENSIFS<\/sr7-txt>\n\t\t\t\t\t\t\t<sr7-txt id=\"SR7_15_1-20-5\" class=\"sr7-layer\">Du stockage \u00e0 la distribution, nous g\u00e9rons tous les aspects de votre logistique, garantissant des livraisons ponctuelles et un contr\u00f4le pr\u00e9cis des stocks.<\/sr7-txt>\n\t\t\t\t\t\t<\/sr7-slide>\n\t\t\t\t\t\t<sr7-slide id=\"SR7_15_1-22\" data-key=\"22\">\n\t\t\t\t\t\t<\/sr7-slide>\n\t\t\t\t\t<\/sr7-content>\n\t\t\t\t<\/sr7-module>\n\t\t\t\t<script>\n\t\t\t\t\tSR7.PMH ??={}; SR7.PMH[\"SR7_15_1\"] = {cn:100,state:false,fn: function() { if (_tpt!==undefined && _tpt.prepareModuleHeight !== undefined) {  _tpt.prepareModuleHeight({id:\"SR7_15_1\",el:[650,650,768,960,720],type:'standard',shdw:'0',gh:[650,650,537,408,252],gw:[1240,1240,1024,778,480],vpt:['100px'],size:{fullWidth:true, fullHeight:false},mh:'0',onh:0,onw:0,bg:{color:'{\"orig\":\"transparent\",\"type\":\"solid\",\"string\":\"transparent\"}'}});   SR7.PMH[\"SR7_15_1\"].state=true;} else if(SR7.PMH[\"SR7_15_1\"].cn-->0)\tsetTimeout( SR7.PMH[\"SR7_15_1\"].fn,19);}};SR7.PMH[\"SR7_15_1\" ].fn();\n\t\t\t\t<\/script>\n<\/div>\n\n\t\t\t\t\t\t<\/div>\n\t\t\t\t<\/div>\n\t\t\t\t\t<\/div>\n\t\t<\/div>\n\t\t\t\t\t<\/div>\n\t\t<\/section>\n\t\t\t\t<section class=\"elementor-section elementor-top-section elementor-element elementor-element-43310776 wd-section-stretch elementor-section-boxed elementor-section-height-default elementor-section-height-default\" data-id=\"43310776\" data-element_type=\"section\">\n\t\t\t\t\t\t<div class=\"elementor-container elementor-column-gap-default\">\n\t\t\t\t\t<div class=\"elementor-column elementor-col-50 elementor-top-column elementor-element elementor-element-b07ab8a\" data-id=\"b07ab8a\" data-element_type=\"column\">\n\t\t\t<div class=\"elementor-widget-wrap elementor-element-populated\">\n\t\t\t\t\t\t<div class=\"elementor-element elementor-element-5c6c603f elementor-widget elementor-widget-heading\" data-id=\"5c6c603f\" data-element_type=\"widget\" data-widget_type=\"heading.default\">\n\t\t\t\t<div class=\"elementor-widget-container\">\n\t\t\t\t\t<h2 class=\"elementor-heading-title elementor-size-default\">NOS SERVICES<\/h2>\t\t\t\t<\/div>\n\t\t\t\t<\/div>\n\t\t\t\t<div class=\"elementor-element elementor-element-183adfb2 elementor-widget elementor-widget-heading\" data-id=\"183adfb2\" data-element_type=\"widget\" data-widget_type=\"heading.default\">\n\t\t\t\t<div class=\"elementor-widget-container\">\n\t\t\t\t\t<h4 class=\"elementor-heading-title elementor-size-default\">Associez-vous \u00e0 A1-3PL pour la Croissance et le Succ\u00e8s de votre entreprise<\/h4>\t\t\t\t<\/div>\n\t\t\t\t<\/div>\n\t\t\t\t<div class=\"elementor-element elementor-element-9ff0367 color-scheme-inherit text-left elementor-widget elementor-widget-text-editor\" data-id=\"9ff0367\" data-element_type=\"widget\" data-widget_type=\"text-editor.default\">\n\t\t\t\t<div class=\"elementor-widget-container\">\n\t\t\t\t\t\t\t\t\tChez A1-3PL, nous sommes d\u00e9termin\u00e9s \u00e0 aider les entreprises \u00e0 r\u00e9ussir gr\u00e2ce \u00e0 des solutions logistiques innovantes qui stimulent la croissance et le succ\u00e8s. Nous offrons une expertise et des ressources compl\u00e8tes pour optimiser votre cha\u00eene d\u2019approvisionnement, de la gestion des stocks et des inventaires \u00e0 l\u2019ex\u00e9cution des commandes et aux services de centre de distribution. Faites \u00e9quipe avec nous d\u00e8s aujourd\u2019hui et d\u00e9couvrez tout le potentiel de vos op\u00e9rations logistiques.\t\t\t\t\t\t\t\t<\/div>\n\t\t\t\t<\/div>\n\t\t\t\t\t<\/div>\n\t\t<\/div>\n\t\t\t\t<div class=\"elementor-column elementor-col-50 elementor-top-column elementor-element elementor-element-2669bbd4\" data-id=\"2669bbd4\" data-element_type=\"column\" data-settings=\"{&quot;background_background&quot;:&quot;classic&quot;}\">\n\t\t\t<div class=\"elementor-widget-wrap elementor-element-populated\">\n\t\t\t\t\t\t<div class=\"elementor-element elementor-element-87cab88 elementor-widget elementor-widget-image\" data-id=\"87cab88\" data-element_type=\"widget\" data-widget_type=\"image.default\">\n\t\t\t\t<div class=\"elementor-widget-container\">\n\t\t\t\t\t\t\t\t\t\t\t\t\t\t\t<img fetchpriority=\"high\" decoding=\"async\" width=\"1920\" height=\"1080\" src=\"https:\/\/www.a13pl.com\/wp-content\/uploads\/2024\/09\/services-img-1920x1080-1.jpg\" class=\"attachment-full size-full wp-image-467\" alt=\"\" srcset=\"https:\/\/www.a13pl.com\/wp-content\/uploads\/2024\/09\/services-img-1920x1080-1.jpg 1920w, https:\/\/www.a13pl.com\/wp-content\/uploads\/2024\/09\/services-img-1920x1080-1-300x169.jpg 300w, https:\/\/www.a13pl.com\/wp-content\/uploads\/2024\/09\/services-img-1920x1080-1-1024x576.jpg 1024w, https:\/\/www.a13pl.com\/wp-content\/uploads\/2024\/09\/services-img-1920x1080-1-768x432.jpg 768w, https:\/\/www.a13pl.com\/wp-content\/uploads\/2024\/09\/services-img-1920x1080-1-1536x864.jpg 1536w\" sizes=\"(max-width: 1920px) 100vw, 1920px\" title=\"services-img-1920x1080-1 | A1 3PL\" \/>\t\t\t\t\t\t\t\t\t\t\t\t\t\t\t<\/div>\n\t\t\t\t<\/div>\n\t\t\t\t\t<\/div>\n\t\t<\/div>\n\t\t\t\t\t<\/div>\n\t\t<\/section>\n\t\t\t\t<section class=\"wd-negative-gap elementor-section elementor-top-section elementor-element elementor-element-1b8d72f4 wd-section-stretch elementor-section-boxed elementor-section-height-default elementor-section-height-default\" data-id=\"1b8d72f4\" data-element_type=\"section\" data-settings=\"{&quot;background_background&quot;:&quot;classic&quot;}\">\n\t\t\t\t\t\t\t<div class=\"elementor-background-overlay\"><\/div>\n\t\t\t\t\t\t\t<div class=\"elementor-container elementor-column-gap-default\">\n\t\t\t\t\t<div class=\"elementor-column elementor-col-100 elementor-top-column elementor-element elementor-element-3fbb5039\" data-id=\"3fbb5039\" data-element_type=\"column\">\n\t\t\t<div class=\"elementor-widget-wrap elementor-element-populated\">\n\t\t\t\t\t\t<section class=\"elementor-section elementor-inner-section elementor-element elementor-element-5ea1a224 wd-section-stretch-content elementor-section-boxed elementor-section-height-default elementor-section-height-default\" data-id=\"5ea1a224\" data-element_type=\"section\">\n\t\t\t\t\t\t<div class=\"elementor-container elementor-column-gap-default\">\n\t\t\t\t\t<div class=\"elementor-column elementor-col-50 elementor-inner-column elementor-element elementor-element-2b5eb9cc\" data-id=\"2b5eb9cc\" data-element_type=\"column\">\n\t\t\t<div class=\"elementor-widget-wrap elementor-element-populated\">\n\t\t\t\t\t\t<div class=\"elementor-element elementor-element-503d0d28 elementor-widget elementor-widget-image\" data-id=\"503d0d28\" data-element_type=\"widget\" data-widget_type=\"image.default\">\n\t\t\t\t<div class=\"elementor-widget-container\">\n\t\t\t\t\t\t\t\t\t\t\t\t\t\t\t<img decoding=\"async\" width=\"1024\" height=\"576\" src=\"https:\/\/www.a13pl.com\/wp-content\/uploads\/2024\/09\/Other-Warehouse-1024x576.jpg\" class=\"attachment-large size-large wp-image-336\" alt=\"\" srcset=\"https:\/\/www.a13pl.com\/wp-content\/uploads\/2024\/09\/Other-Warehouse-1024x576.jpg 1024w, https:\/\/www.a13pl.com\/wp-content\/uploads\/2024\/09\/Other-Warehouse-300x169.jpg 300w, https:\/\/www.a13pl.com\/wp-content\/uploads\/2024\/09\/Other-Warehouse-768x432.jpg 768w, https:\/\/www.a13pl.com\/wp-content\/uploads\/2024\/09\/Other-Warehouse-1536x864.jpg 1536w, https:\/\/www.a13pl.com\/wp-content\/uploads\/2024\/09\/Other-Warehouse.jpg 1920w\" sizes=\"(max-width: 1024px) 100vw, 1024px\" title=\"Other-Warehouse | A1 3PL\" \/>\t\t\t\t\t\t\t\t\t\t\t\t\t\t\t<\/div>\n\t\t\t\t<\/div>\n\t\t\t\t\t<\/div>\n\t\t<\/div>\n\t\t\t\t<div class=\"elementor-column elementor-col-50 elementor-inner-column elementor-element elementor-element-55248c76\" data-id=\"55248c76\" data-element_type=\"column\">\n\t\t\t<div class=\"elementor-widget-wrap elementor-element-populated\">\n\t\t\t\t\t\t<div class=\"elementor-element elementor-element-5948b982 elementor-widget elementor-widget-heading\" data-id=\"5948b982\" data-element_type=\"widget\" data-widget_type=\"heading.default\">\n\t\t\t\t<div class=\"elementor-widget-container\">\n\t\t\t\t\t<h2 class=\"elementor-heading-title elementor-size-default\">Industries<\/h2>\t\t\t\t<\/div>\n\t\t\t\t<\/div>\n\t\t\t\t<div class=\"elementor-element elementor-element-5aded997 color-scheme-inherit text-left elementor-widget elementor-widget-text-editor\" data-id=\"5aded997\" data-element_type=\"widget\" data-widget_type=\"text-editor.default\">\n\t\t\t\t<div class=\"elementor-widget-container\">\n\t\t\t\t\t\t\t\t\tChez A1-3PL, nous sommes fiers de notre capacit\u00e9 \u00e0 fournir des solutions logistiques de premier ordre adapt\u00e9es aux besoins sp\u00e9cifiques de diverses industries. Notre expertise diversifi\u00e9e nous permet de r\u00e9pondre \u00e0 un large \u00e9ventail de secteurs, garantissant des op\u00e9rations logistiques efficaces et une gestion transparente de la cha\u00eene d\u2019approvisionnement.\t\t\t\t\t\t\t\t<\/div>\n\t\t\t\t<\/div>\n\t\t\t\t\t<\/div>\n\t\t<\/div>\n\t\t\t\t\t<\/div>\n\t\t<\/section>\n\t\t\t\t\t<\/div>\n\t\t<\/div>\n\t\t\t\t\t<\/div>\n\t\t<\/section>\n\t\t\t\t<section class=\"wd-negative-gap elementor-section elementor-top-section elementor-element elementor-element-336220e2 elementor-section-boxed elementor-section-height-default elementor-section-height-default\" data-id=\"336220e2\" data-element_type=\"section\">\n\t\t\t\t\t\t<div class=\"elementor-container elementor-column-gap-default\">\n\t\t\t\t\t<div class=\"elementor-column elementor-col-100 elementor-top-column elementor-element elementor-element-51cc4ede\" data-id=\"51cc4ede\" data-element_type=\"column\">\n\t\t\t<div class=\"elementor-widget-wrap elementor-element-populated\">\n\t\t\t\t\t\t<div class=\"elementor-element elementor-element-4f60c891 elementor-widget elementor-widget-spacer\" data-id=\"4f60c891\" data-element_type=\"widget\" data-widget_type=\"spacer.default\">\n\t\t\t\t<div class=\"elementor-widget-container\">\n\t\t\t\t\t\t\t<div class=\"elementor-spacer\">\n\t\t\t<div class=\"elementor-spacer-inner\"><\/div>\n\t\t<\/div>\n\t\t\t\t\t\t<\/div>\n\t\t\t\t<\/div>\n\t\t\t\t\t<\/div>\n\t\t<\/div>\n\t\t\t\t\t<\/div>\n\t\t<\/section>\n\t\t\t\t<section class=\"elementor-section elementor-top-section elementor-element elementor-element-54ebf8f4 wd-section-stretch elementor-section-boxed elementor-section-height-default elementor-section-height-default\" data-id=\"54ebf8f4\" data-element_type=\"section\">\n\t\t\t\t\t\t<div class=\"elementor-container elementor-column-gap-default\">\n\t\t\t\t\t<div class=\"elementor-column elementor-col-100 elementor-top-column elementor-element elementor-element-293fed5c\" data-id=\"293fed5c\" data-element_type=\"column\">\n\t\t\t<div class=\"elementor-widget-wrap elementor-element-populated\">\n\t\t\t\t\t\t<div class=\"elementor-element elementor-element-7d07fa8d elementor-widget elementor-widget-heading\" data-id=\"7d07fa8d\" data-element_type=\"widget\" data-widget_type=\"heading.default\">\n\t\t\t\t<div class=\"elementor-widget-container\">\n\t\t\t\t\t<h2 class=\"elementor-heading-title elementor-size-default\">Nos services de 3PL<\/h2>\t\t\t\t<\/div>\n\t\t\t\t<\/div>\n\t\t\t\t<section class=\"wd-negative-gap elementor-section elementor-inner-section elementor-element elementor-element-24e18cd8 elementor-section-boxed elementor-section-height-default elementor-section-height-default\" data-id=\"24e18cd8\" data-element_type=\"section\">\n\t\t\t\t\t\t<div class=\"elementor-container elementor-column-gap-default\">\n\t\t\t\t\t<div class=\"elementor-column elementor-col-50 elementor-inner-column elementor-element elementor-element-701e864c\" data-id=\"701e864c\" data-element_type=\"column\">\n\t\t\t<div class=\"elementor-widget-wrap elementor-element-populated\">\n\t\t\t\t\t\t<div class=\"elementor-element elementor-element-22e3c0b9 elementor-widget elementor-widget-heading\" data-id=\"22e3c0b9\" data-element_type=\"widget\" data-widget_type=\"heading.default\">\n\t\t\t\t<div class=\"elementor-widget-container\">\n\t\t\t\t\t<h4 class=\"elementor-heading-title elementor-size-default\">Solutions de stockage<\/h4>\t\t\t\t<\/div>\n\t\t\t\t<\/div>\n\t\t\t\t<div class=\"elementor-element elementor-element-4eb05f13 color-scheme-inherit text-left elementor-widget elementor-widget-text-editor\" data-id=\"4eb05f13\" data-element_type=\"widget\" data-widget_type=\"text-editor.default\">\n\t\t\t\t<div class=\"elementor-widget-container\">\n\t\t\t\t\t\t\t\t\tConfiez vos marchandises \u00e0 nos entrep\u00f4ts s\u00e9curis\u00e9s et modernes. Gr\u00e2ce \u00e0 nos syst\u00e8mes avanc\u00e9s de gestion des inventaires, nous offrons un stockage organis\u00e9 et facilement accessible, adapt\u00e9 \u00e0 vos besoins \u00e0 court ou long terme.\t\t\t\t\t\t\t\t<\/div>\n\t\t\t\t<\/div>\n\t\t\t\t\t<\/div>\n\t\t<\/div>\n\t\t\t\t<div class=\"elementor-column elementor-col-50 elementor-inner-column elementor-element elementor-element-75d5234e\" data-id=\"75d5234e\" data-element_type=\"column\">\n\t\t\t<div class=\"elementor-widget-wrap elementor-element-populated\">\n\t\t\t\t\t\t<div class=\"elementor-element elementor-element-2869c22 elementor-widget elementor-widget-heading\" data-id=\"2869c22\" data-element_type=\"widget\" data-widget_type=\"heading.default\">\n\t\t\t\t<div class=\"elementor-widget-container\">\n\t\t\t\t\t<h4 class=\"elementor-heading-title elementor-size-default\">Gestion strat\u00e9gique de la distribution<\/h4>\t\t\t\t<\/div>\n\t\t\t\t<\/div>\n\t\t\t\t<div class=\"elementor-element elementor-element-1ff1490c color-scheme-inherit text-left elementor-widget elementor-widget-text-editor\" data-id=\"1ff1490c\" data-element_type=\"widget\" data-widget_type=\"text-editor.default\">\n\t\t\t\t<div class=\"elementor-widget-container\">\n\t\t\t\t\t\t\t\t\tMaximisez l&rsquo;efficacit\u00e9 de votre cha\u00eene d&rsquo;approvisionnement avec nos centres strat\u00e9giquement plac\u00e9s. R\u00e9duisez les d\u00e9lais et les co\u00fbts de transport tout en augmentant l&rsquo;efficacit\u00e9. Nos services personnalis\u00e9s facilitent l&rsquo;expansion sur de nouveaux march\u00e9s et l&rsquo;optimisation des r\u00e9seaux existants.\t\t\t\t\t\t\t\t<\/div>\n\t\t\t\t<\/div>\n\t\t\t\t\t<\/div>\n\t\t<\/div>\n\t\t\t\t\t<\/div>\n\t\t<\/section>\n\t\t\t\t<section class=\"wd-negative-gap elementor-section elementor-inner-section elementor-element elementor-element-2fe8f242 elementor-section-boxed elementor-section-height-default elementor-section-height-default\" data-id=\"2fe8f242\" data-element_type=\"section\">\n\t\t\t\t\t\t<div class=\"elementor-container elementor-column-gap-default\">\n\t\t\t\t\t<div class=\"elementor-column elementor-col-50 elementor-inner-column elementor-element elementor-element-4cd05cdd\" data-id=\"4cd05cdd\" data-element_type=\"column\">\n\t\t\t<div class=\"elementor-widget-wrap elementor-element-populated\">\n\t\t\t\t\t\t<div class=\"elementor-element elementor-element-1c1d4c1c elementor-widget elementor-widget-heading\" data-id=\"1c1d4c1c\" data-element_type=\"widget\" data-widget_type=\"heading.default\">\n\t\t\t\t<div class=\"elementor-widget-container\">\n\t\t\t\t\t<h4 class=\"elementor-heading-title elementor-size-default\">Gestion avanc\u00e9e des inventaires<\/h4>\t\t\t\t<\/div>\n\t\t\t\t<\/div>\n\t\t\t\t<div class=\"elementor-element elementor-element-53b84846 color-scheme-inherit text-left elementor-widget elementor-widget-text-editor\" data-id=\"53b84846\" data-element_type=\"widget\" data-widget_type=\"text-editor.default\">\n\t\t\t\t<div class=\"elementor-widget-container\">\n\t\t\t\t\t\t\t\t\tOptimisez la gestion de vos inventaires avec nos solutions d&rsquo;entreposage avanc\u00e9es. B\u00e9n\u00e9ficiez du suivi en temps r\u00e9el pour une visibilit\u00e9 compl\u00e8te, d&rsquo;un stockage organis\u00e9 pour un acc\u00e8s optimal et d&rsquo;une s\u00e9curit\u00e9 maximale pour prot\u00e9ger vos marchandises en tout temps.\t\t\t\t\t\t\t\t<\/div>\n\t\t\t\t<\/div>\n\t\t\t\t\t<\/div>\n\t\t<\/div>\n\t\t\t\t<div class=\"elementor-column elementor-col-50 elementor-inner-column elementor-element elementor-element-4cdca572\" data-id=\"4cdca572\" data-element_type=\"column\">\n\t\t\t<div class=\"elementor-widget-wrap elementor-element-populated\">\n\t\t\t\t\t\t<div class=\"elementor-element elementor-element-51a8aa60 elementor-widget elementor-widget-heading\" data-id=\"51a8aa60\" data-element_type=\"widget\" data-widget_type=\"heading.default\">\n\t\t\t\t<div class=\"elementor-widget-container\">\n\t\t\t\t\t<h4 class=\"elementor-heading-title elementor-size-default\">Gestion compl\u00e8te des commandes et des livraisons<\/h4>\t\t\t\t<\/div>\n\t\t\t\t<\/div>\n\t\t\t\t<div class=\"elementor-element elementor-element-6417ccf4 color-scheme-inherit text-left elementor-widget elementor-widget-text-editor\" data-id=\"6417ccf4\" data-element_type=\"widget\" data-widget_type=\"text-editor.default\">\n\t\t\t\t<div class=\"elementor-widget-container\">\n\t\t\t\t\t\t\t\t\tAssurez une satisfaction totale de vos clients gr\u00e2ce \u00e0 une gestion pr\u00e9cise, rapide et fiable des commandes, de la r\u00e9ception \u00e0 la livraison. Notre approche int\u00e9gr\u00e9e renforce constamment la fid\u00e9lit\u00e9 et encourage les achats r\u00e9p\u00e9t\u00e9s.\t\t\t\t\t\t\t\t<\/div>\n\t\t\t\t<\/div>\n\t\t\t\t\t<\/div>\n\t\t<\/div>\n\t\t\t\t\t<\/div>\n\t\t<\/section>\n\t\t\t\t<section class=\"wd-negative-gap elementor-section elementor-inner-section elementor-element elementor-element-3a3369f3 elementor-section-boxed elementor-section-height-default elementor-section-height-default\" data-id=\"3a3369f3\" data-element_type=\"section\">\n\t\t\t\t\t\t<div class=\"elementor-container elementor-column-gap-default\">\n\t\t\t\t\t<div class=\"elementor-column elementor-col-50 elementor-inner-column elementor-element elementor-element-6b6125bb\" data-id=\"6b6125bb\" data-element_type=\"column\">\n\t\t\t<div class=\"elementor-widget-wrap elementor-element-populated\">\n\t\t\t\t\t\t<div class=\"elementor-element elementor-element-69e236aa elementor-widget elementor-widget-heading\" data-id=\"69e236aa\" data-element_type=\"widget\" data-widget_type=\"heading.default\">\n\t\t\t\t<div class=\"elementor-widget-container\">\n\t\t\t\t\t<h4 class=\"elementor-heading-title elementor-size-default\">Technologie avanc\u00e9e et distribution personnalis\u00e9e<\/h4>\t\t\t\t<\/div>\n\t\t\t\t<\/div>\n\t\t\t\t<div class=\"elementor-element elementor-element-5885fa66 color-scheme-inherit text-left elementor-widget elementor-widget-text-editor\" data-id=\"5885fa66\" data-element_type=\"widget\" data-widget_type=\"text-editor.default\">\n\t\t\t\t<div class=\"elementor-widget-container\">\n\t\t\t\t\t\t\t\t\tNos syst\u00e8mes WMS et TMS offrent un suivi en temps r\u00e9el via un portail web convivial. Avec une \u00e9quipe attentive, un support r\u00e9actif et des solutions adaptables, nous garantissons une gestion sans faille et sur mesure pour vos besoins en inventaire.\t\t\t\t\t\t\t\t<\/div>\n\t\t\t\t<\/div>\n\t\t\t\t\t<\/div>\n\t\t<\/div>\n\t\t\t\t<div class=\"elementor-column elementor-col-50 elementor-inner-column elementor-element elementor-element-5dcdf847\" data-id=\"5dcdf847\" data-element_type=\"column\">\n\t\t\t<div class=\"elementor-widget-wrap elementor-element-populated\">\n\t\t\t\t\t\t<div class=\"elementor-element elementor-element-13b6afa3 elementor-widget elementor-widget-heading\" data-id=\"13b6afa3\" data-element_type=\"widget\" data-widget_type=\"heading.default\">\n\t\t\t\t<div class=\"elementor-widget-container\">\n\t\t\t\t\t<h4 class=\"elementor-heading-title elementor-size-default\">Solutions logistiques et de distribution int\u00e9gr\u00e9es<\/h4>\t\t\t\t<\/div>\n\t\t\t\t<\/div>\n\t\t\t\t<div class=\"elementor-element elementor-element-2d1585f1 color-scheme-inherit text-left elementor-widget elementor-widget-text-editor\" data-id=\"2d1585f1\" data-element_type=\"widget\" data-widget_type=\"text-editor.default\">\n\t\t\t\t<div class=\"elementor-widget-container\">\n\t\t\t\t\t\t\t\t\tNous offrons le cross-docking pour une efficacit\u00e9 des co\u00fbts, une pr\u00e9paration des commandes sans erreurs, un tri efficace et une livraison fiable du dernier kilom\u00e8tre. Avec un stockage s\u00e9curis\u00e9, une gestion des inventaires en temps r\u00e9el et des options de transport diversifi\u00e9es, nous assurons une logistique mondiale sans faille.\t\t\t\t\t\t\t\t<\/div>\n\t\t\t\t<\/div>\n\t\t\t\t\t<\/div>\n\t\t<\/div>\n\t\t\t\t\t<\/div>\n\t\t<\/section>\n\t\t\t\t\t<\/div>\n\t\t<\/div>\n\t\t\t\t\t<\/div>\n\t\t<\/section>\n\t\t\t\t<\/div>\n\t\t","protected":false},"excerpt":{"rendered":"<p>NOS SERVICES Associez-vous \u00e0 A1-3PL pour la Croissance et le Succ\u00e8s de votre entreprise Chez A1-3PL, nous sommes d\u00e9termin\u00e9s \u00e0<\/p>\n","protected":false},"author":1,"featured_media":0,"parent":0,"menu_order":0,"comment_status":"closed","ping_status":"closed","template":"","meta":{"footnotes":""},"class_list":["post-1179","page","type-page","status-publish","hentry"],"aioseo_notices":[],"_links":{"self":[{"href":"https:\/\/www.a13pl.com\/fr\/wp-json\/wp\/v2\/pages\/1179","targetHints":{"allow":["GET"]}}],"collection":[{"href":"https:\/\/www.a13pl.com\/fr\/wp-json\/wp\/v2\/pages"}],"about":[{"href":"https:\/\/www.a13pl.com\/fr\/wp-json\/wp\/v2\/types\/page"}],"author":[{"embeddable":true,"href":"https:\/\/www.a13pl.com\/fr\/wp-json\/wp\/v2\/users\/1"}],"replies":[{"embeddable":true,"href":"https:\/\/www.a13pl.com\/fr\/wp-json\/wp\/v2\/comments?post=1179"}],"version-history":[{"count":14,"href":"https:\/\/www.a13pl.com\/fr\/wp-json\/wp\/v2\/pages\/1179\/revisions"}],"predecessor-version":[{"id":1494,"href":"https:\/\/www.a13pl.com\/fr\/wp-json\/wp\/v2\/pages\/1179\/revisions\/1494"}],"wp:attachment":[{"href":"https:\/\/www.a13pl.com\/fr\/wp-json\/wp\/v2\/media?parent=1179"}],"curies":[{"name":"wp","href":"https:\/\/api.w.org\/{rel}","templated":true}]}}