{"id":70,"date":"2024-09-01T16:44:07","date_gmt":"2024-09-01T20:44:07","guid":{"rendered":"https:\/\/3pla1.com\/about-us\/"},"modified":"2024-10-24T09:38:01","modified_gmt":"2024-10-24T13:38:01","slug":"a-propos-de-nous","status":"publish","type":"page","link":"https:\/\/www.a13pl.com\/fr\/a-propos-de-nous\/","title":{"rendered":"\u00c0 propos"},"content":{"rendered":"\t\t<div data-elementor-type=\"wp-page\" data-elementor-id=\"70\" class=\"elementor elementor-70 elementor-8\" data-elementor-post-type=\"page\">\n\t\t\t\t\t\t<section class=\"wd-negative-gap elementor-section elementor-top-section elementor-element elementor-element-4d68a1c elementor-section-boxed elementor-section-height-default elementor-section-height-default\" data-id=\"4d68a1c\" data-element_type=\"section\">\n\t\t\t\t\t\t<div class=\"elementor-container elementor-column-gap-default\">\n\t\t\t\t\t<div class=\"elementor-column elementor-col-100 elementor-top-column elementor-element elementor-element-fe402ba\" data-id=\"fe402ba\" data-element_type=\"column\">\n\t\t\t<div class=\"elementor-widget-wrap elementor-element-populated\">\n\t\t\t\t\t\t<div class=\"elementor-element elementor-element-7192d95 elementor-widget elementor-widget-slider_revolution\" data-id=\"7192d95\" data-element_type=\"widget\" data-widget_type=\"slider_revolution.default\">\n\t\t\t\t<div class=\"elementor-widget-container\">\n\t\t\t\t\t\n\t\t<div class=\"wp-block-themepunch-revslider\">\n\t\t\t\t<p class=\"rs-p-wp-fix\"><\/p>\n\t\t\t\t<sr7-module data-alias=\"About-FR\" data-id=\"14\" id=\"SR7_14_1\" class=\"rs-ov-hidden\" data-version=\"6.7.40\">\n\t\t\t\t\t<sr7-adjuster><\/sr7-adjuster>\n\t\t\t\t\t<sr7-content>\n\t\t\t\t\t\t<sr7-slide id=\"SR7_14_1-19\" data-key=\"19\">\n\t\t\t\t\t\t\t<a id=\"SR7_14_1-19-1\" class=\"sr7-layer\" href=\"https:\/\/www.a13pl.com\/fr\/nous-joindre\/\" target=\"_self\">Contactez-Nous<\/a>\n\t\t\t\t\t\t\t<sr7-txt id=\"SR7_14_1-19-2\" class=\"sr7-layer\">OPTIMISEZ VOS LOGISTIQUES<\/sr7-txt>\n\t\t\t\t\t\t\t<sr7-txt id=\"SR7_14_1-19-5\" class=\"sr7-layer\">Rationalisation des op\u00e9rations pour des solutions logistiques rapides, \u00e9conomiques et \u00e9volutives adapt\u00e9es \u00e0 votre entreprise<\/sr7-txt>\n\t\t\t\t\t\t<\/sr7-slide>\n\t\t\t\t\t\t<sr7-slide id=\"SR7_14_1-21\" data-key=\"21\">\n\t\t\t\t\t\t<\/sr7-slide>\n\t\t\t\t\t<\/sr7-content>\n\t\t\t\t<\/sr7-module>\n\t\t\t\t<script>\n\t\t\t\t\tSR7.PMH ??={}; SR7.PMH[\"SR7_14_1\"] = {cn:100,state:false,fn: function() { if (_tpt!==undefined && _tpt.prepareModuleHeight !== undefined) {  _tpt.prepareModuleHeight({id:\"SR7_14_1\",el:[650,650,768,960,720],type:'standard',shdw:'0',gh:[650,650,537,408,252],gw:[1240,1240,1024,778,480],vpt:['100px'],size:{fullWidth:true, fullHeight:false},mh:'0',onh:0,onw:0,bg:{color:'{\"orig\":\"transparent\",\"type\":\"solid\",\"string\":\"transparent\"}'}});   SR7.PMH[\"SR7_14_1\"].state=true;} else if(SR7.PMH[\"SR7_14_1\"].cn-->0)\tsetTimeout( SR7.PMH[\"SR7_14_1\"].fn,19);}};SR7.PMH[\"SR7_14_1\" ].fn();\n\t\t\t\t<\/script>\n<\/div>\n\n\t\t\t\t\t\t<\/div>\n\t\t\t\t<\/div>\n\t\t\t\t\t<\/div>\n\t\t<\/div>\n\t\t\t\t\t<\/div>\n\t\t<\/section>\n\t\t\t\t<section class=\"wd-negative-gap elementor-section elementor-top-section elementor-element elementor-element-d849fa4 elementor-section-boxed elementor-section-height-default elementor-section-height-default\" data-id=\"d849fa4\" data-element_type=\"section\">\n\t\t\t\t\t\t<div class=\"elementor-container elementor-column-gap-default\">\n\t\t\t\t\t<div class=\"elementor-column elementor-col-100 elementor-top-column elementor-element elementor-element-38eed512\" data-id=\"38eed512\" data-element_type=\"column\">\n\t\t\t<div class=\"elementor-widget-wrap elementor-element-populated\">\n\t\t\t\t\t\t<div class=\"elementor-element elementor-element-1412820f elementor-widget elementor-widget-spacer\" data-id=\"1412820f\" data-element_type=\"widget\" data-widget_type=\"spacer.default\">\n\t\t\t\t<div class=\"elementor-widget-container\">\n\t\t\t\t\t\t\t<div class=\"elementor-spacer\">\n\t\t\t<div class=\"elementor-spacer-inner\"><\/div>\n\t\t<\/div>\n\t\t\t\t\t\t<\/div>\n\t\t\t\t<\/div>\n\t\t\t\t\t<\/div>\n\t\t<\/div>\n\t\t\t\t\t<\/div>\n\t\t<\/section>\n\t\t\t\t<section class=\"wd-negative-gap elementor-section elementor-top-section elementor-element elementor-element-248d1b1e elementor-section-boxed elementor-section-height-default elementor-section-height-default\" data-id=\"248d1b1e\" data-element_type=\"section\">\n\t\t\t\t\t\t<div class=\"elementor-container elementor-column-gap-default\">\n\t\t\t\t\t<div class=\"elementor-column elementor-col-100 elementor-top-column elementor-element elementor-element-1c8b3350\" data-id=\"1c8b3350\" data-element_type=\"column\">\n\t\t\t<div class=\"elementor-widget-wrap elementor-element-populated\">\n\t\t\t\t\t\t<div class=\"elementor-element elementor-element-668fbcb0 elementor-widget elementor-widget-heading\" data-id=\"668fbcb0\" data-element_type=\"widget\" data-widget_type=\"heading.default\">\n\t\t\t\t<div class=\"elementor-widget-container\">\n\t\t\t\t\t<h2 class=\"elementor-heading-title elementor-size-default\">Pourquoi choisir A1-3PL\u202f?<\/h2>\t\t\t\t<\/div>\n\t\t\t\t<\/div>\n\t\t\t\t<div class=\"elementor-element elementor-element-2c1e1a8a color-scheme-inherit text-left elementor-widget elementor-widget-text-editor\" data-id=\"2c1e1a8a\" data-element_type=\"widget\" data-widget_type=\"text-editor.default\">\n\t\t\t\t<div class=\"elementor-widget-container\">\n\t\t\t\t\t\t\t\t\tTravailler avec nous signifie ne pas avoir \u00e0 supporter les co\u00fbts de loyer fixe, de structure et de personnel, ce qui entra\u00eene des \u00e9conomies significatives pour une entreprise. De plus, les co\u00fbts deviennent une d\u00e9pense variable en fonction du volume d\u2019affaires au lieu d\u2019un co\u00fbt fixe, ce qui constitue un autre avantage majeur.\u00a0\n\nN\u2019oublions pas l\u2019externalisation de votre logistique de transport, ce qui vous permettra de b\u00e9n\u00e9ficier de prix d\u2019exp\u00e9dition plus avantageux. Nos tarifs d\u2019exp\u00e9dition sont tr\u00e8s comp\u00e9titifs gr\u00e2ce \u00e0 notre base de clients diversifi\u00e9e et \u00e0 un volume important d\u2019exp\u00e9ditions.\u00a0\t\t\t\t\t\t\t\t<\/div>\n\t\t\t\t<\/div>\n\t\t\t\t\t<\/div>\n\t\t<\/div>\n\t\t\t\t\t<\/div>\n\t\t<\/section>\n\t\t\t\t<section class=\"elementor-section elementor-top-section elementor-element elementor-element-3c1a4def wd-section-stretch elementor-section-boxed elementor-section-height-default elementor-section-height-default\" data-id=\"3c1a4def\" data-element_type=\"section\">\n\t\t\t\t\t\t<div class=\"elementor-container elementor-column-gap-default\">\n\t\t\t\t\t<div class=\"elementor-column elementor-col-50 elementor-top-column elementor-element elementor-element-8730673\" data-id=\"8730673\" data-element_type=\"column\" data-settings=\"{&quot;background_background&quot;:&quot;classic&quot;}\">\n\t\t\t<div class=\"elementor-widget-wrap elementor-element-populated\">\n\t\t\t\t\t\t<div class=\"elementor-element elementor-element-3ad60bbf elementor-widget elementor-widget-image\" data-id=\"3ad60bbf\" data-element_type=\"widget\" data-widget_type=\"image.default\">\n\t\t\t\t<div class=\"elementor-widget-container\">\n\t\t\t\t\t\t\t\t\t\t\t\t\t\t\t<img fetchpriority=\"high\" decoding=\"async\" width=\"1920\" height=\"1080\" src=\"https:\/\/www.a13pl.com\/wp-content\/uploads\/2024\/09\/Warehouse.jpg\" class=\"attachment-full size-full wp-image-343\" alt=\"\" srcset=\"https:\/\/www.a13pl.com\/wp-content\/uploads\/2024\/09\/Warehouse.jpg 1920w, https:\/\/www.a13pl.com\/wp-content\/uploads\/2024\/09\/Warehouse-300x169.jpg 300w, https:\/\/www.a13pl.com\/wp-content\/uploads\/2024\/09\/Warehouse-1024x576.jpg 1024w, https:\/\/www.a13pl.com\/wp-content\/uploads\/2024\/09\/Warehouse-768x432.jpg 768w, https:\/\/www.a13pl.com\/wp-content\/uploads\/2024\/09\/Warehouse-1536x864.jpg 1536w\" sizes=\"(max-width: 1920px) 100vw, 1920px\" title=\"Warehouse | A1 3PL\" \/>\t\t\t\t\t\t\t\t\t\t\t\t\t\t\t<\/div>\n\t\t\t\t<\/div>\n\t\t\t\t\t<\/div>\n\t\t<\/div>\n\t\t\t\t<div class=\"elementor-column elementor-col-50 elementor-top-column elementor-element elementor-element-255ae792\" data-id=\"255ae792\" data-element_type=\"column\">\n\t\t\t<div class=\"elementor-widget-wrap elementor-element-populated\">\n\t\t\t\t\t\t<div class=\"elementor-element elementor-element-1f7759a0 elementor-widget elementor-widget-heading\" data-id=\"1f7759a0\" data-element_type=\"widget\" data-widget_type=\"heading.default\">\n\t\t\t\t<div class=\"elementor-widget-container\">\n\t\t\t\t\t<h2 class=\"elementor-heading-title elementor-size-default\">\u00c0 PROPOS DE NOUS <\/h2>\t\t\t\t<\/div>\n\t\t\t\t<\/div>\n\t\t\t\t<div class=\"elementor-element elementor-element-2517fd86 elementor-widget elementor-widget-heading\" data-id=\"2517fd86\" data-element_type=\"widget\" data-widget_type=\"heading.default\">\n\t\t\t\t<div class=\"elementor-widget-container\">\n\t\t\t\t\t<h4 class=\"elementor-heading-title elementor-size-default\">Associez-vous \u00e0 A1-3PL pour la croissance et le succ\u00e8s de votre entreprise<\/h4>\t\t\t\t<\/div>\n\t\t\t\t<\/div>\n\t\t\t\t<div class=\"elementor-element elementor-element-25e3cd71 color-scheme-inherit text-left elementor-widget elementor-widget-text-editor\" data-id=\"25e3cd71\" data-element_type=\"widget\" data-widget_type=\"text-editor.default\">\n\t\t\t\t<div class=\"elementor-widget-container\">\n\t\t\t\t\t\t\t\t\tChoisir A1-3PL pour la gestion de votre logistique est probablement la meilleure d\u00e9cision que vous puissiez prendre pour l\u2019avenir de votre entreprise. Forts de plus de 20 ans d\u2019exp\u00e9rience dans la distribution et ayant essay\u00e9 divers services de 3PL par le pass\u00e9, nous sommes fiers d\u2019offrir \u00e0 nos entreprises locales notre expertise et notre savoir-faire. Nous sommes heureux d\u2019accueillir nos clients dans notre entrep\u00f4t \u00e0 Boisbriand, situ\u00e9 sur la Rive-Nord de Montr\u00e9al, \u00e0 l\u2019intersection des autoroutes 640 et 15.\t\t\t\t\t\t\t\t<\/div>\n\t\t\t\t<\/div>\n\t\t\t\t\t<\/div>\n\t\t<\/div>\n\t\t\t\t\t<\/div>\n\t\t<\/section>\n\t\t\t\t<section class=\"wd-negative-gap elementor-section elementor-top-section elementor-element elementor-element-43a563b1 wd-section-stretch elementor-section-boxed elementor-section-height-default elementor-section-height-default\" data-id=\"43a563b1\" data-element_type=\"section\" data-settings=\"{&quot;background_background&quot;:&quot;classic&quot;}\">\n\t\t\t\t\t\t\t<div class=\"elementor-background-overlay\"><\/div>\n\t\t\t\t\t\t\t<div class=\"elementor-container elementor-column-gap-default\">\n\t\t\t\t\t<div class=\"elementor-column elementor-col-100 elementor-top-column elementor-element elementor-element-3736fe4e\" data-id=\"3736fe4e\" data-element_type=\"column\">\n\t\t\t<div class=\"elementor-widget-wrap elementor-element-populated\">\n\t\t\t\t\t\t<section class=\"wd-negative-gap elementor-section elementor-inner-section elementor-element elementor-element-1e1d72b9 wd-section-stretch elementor-section-boxed elementor-section-height-default elementor-section-height-default\" data-id=\"1e1d72b9\" data-element_type=\"section\">\n\t\t\t\t\t\t<div class=\"elementor-container elementor-column-gap-default\">\n\t\t\t\t\t<div class=\"elementor-column elementor-col-100 elementor-inner-column elementor-element elementor-element-18e39ed8\" data-id=\"18e39ed8\" data-element_type=\"column\">\n\t\t\t<div class=\"elementor-widget-wrap elementor-element-populated\">\n\t\t\t\t\t\t<div class=\"elementor-element elementor-element-78571bc0 elementor-widget elementor-widget-heading\" data-id=\"78571bc0\" data-element_type=\"widget\" data-widget_type=\"heading.default\">\n\t\t\t\t<div class=\"elementor-widget-container\">\n\t\t\t\t\t<h2 class=\"elementor-heading-title elementor-size-default\"> QU'EST-CE QU'UN 3PL? <\/h2>\t\t\t\t<\/div>\n\t\t\t\t<\/div>\n\t\t\t\t<div class=\"elementor-element elementor-element-22c2f9a8 elementor-widget elementor-widget-heading\" data-id=\"22c2f9a8\" data-element_type=\"widget\" data-widget_type=\"heading.default\">\n\t\t\t\t<div class=\"elementor-widget-container\">\n\t\t\t\t\t<h4 class=\"elementor-heading-title elementor-size-default\">Un 3PL, abr\u00e9viation de \u00abThird-Party Logistics provider\u00bb, est une entreprise sp\u00e9cialis\u00e9e dans la gestion des op\u00e9rations logistiques pour le compte de ses clients. Ces services comprennent g\u00e9n\u00e9ralement<\/h4>\t\t\t\t<\/div>\n\t\t\t\t<\/div>\n\t\t\t\t<div class=\"elementor-element elementor-element-5da69a23 color-scheme-inherit text-left elementor-widget elementor-widget-text-editor\" data-id=\"5da69a23\" data-element_type=\"widget\" data-widget_type=\"text-editor.default\">\n\t\t\t\t<div class=\"elementor-widget-container\">\n\t\t\t\t\t\t\t\t\tLes entreprises font appel \u00e0 des 3PL pour optimiser leur cha\u00eene d\u2019approvisionnement, r\u00e9duire les co\u00fbts op\u00e9rationnels, am\u00e9liorer la flexibilit\u00e9 et b\u00e9n\u00e9ficier de l\u2019expertise et des ressources logistiques sp\u00e9cialis\u00e9es sans avoir \u00e0 investir dans leur propre infrastructure.\t\t\t\t\t\t\t\t<\/div>\n\t\t\t\t<\/div>\n\t\t\t\t\t<\/div>\n\t\t<\/div>\n\t\t\t\t\t<\/div>\n\t\t<\/section>\n\t\t\t\t\t<\/div>\n\t\t<\/div>\n\t\t\t\t\t<\/div>\n\t\t<\/section>\n\t\t\t\t<section class=\"wd-negative-gap elementor-section elementor-top-section elementor-element elementor-element-1bc62c elementor-section-boxed elementor-section-height-default elementor-section-height-default\" data-id=\"1bc62c\" data-element_type=\"section\">\n\t\t\t\t\t\t<div class=\"elementor-container elementor-column-gap-default\">\n\t\t\t\t\t<div class=\"elementor-column elementor-col-100 elementor-top-column elementor-element elementor-element-572c01b7\" data-id=\"572c01b7\" data-element_type=\"column\">\n\t\t\t<div class=\"elementor-widget-wrap elementor-element-populated\">\n\t\t\t\t\t\t<div class=\"elementor-element elementor-element-215bfeea elementor-widget elementor-widget-spacer\" data-id=\"215bfeea\" data-element_type=\"widget\" data-widget_type=\"spacer.default\">\n\t\t\t\t<div class=\"elementor-widget-container\">\n\t\t\t\t\t\t\t<div class=\"elementor-spacer\">\n\t\t\t<div class=\"elementor-spacer-inner\"><\/div>\n\t\t<\/div>\n\t\t\t\t\t\t<\/div>\n\t\t\t\t<\/div>\n\t\t\t\t\t<\/div>\n\t\t<\/div>\n\t\t\t\t\t<\/div>\n\t\t<\/section>\n\t\t\t\t<section class=\"elementor-section elementor-top-section elementor-element elementor-element-3c15f0b6 wd-section-stretch elementor-section-boxed elementor-section-height-default elementor-section-height-default\" data-id=\"3c15f0b6\" data-element_type=\"section\">\n\t\t\t\t\t\t<div class=\"elementor-container elementor-column-gap-default\">\n\t\t\t\t\t<div class=\"elementor-column elementor-col-50 elementor-top-column elementor-element elementor-element-7c9310cf\" data-id=\"7c9310cf\" data-element_type=\"column\" data-settings=\"{&quot;background_background&quot;:&quot;classic&quot;}\">\n\t\t\t<div class=\"elementor-widget-wrap elementor-element-populated\">\n\t\t\t\t\t\t<div class=\"elementor-element elementor-element-20eb8bf6 elementor-widget elementor-widget-image\" data-id=\"20eb8bf6\" data-element_type=\"widget\" data-widget_type=\"image.default\">\n\t\t\t\t<div class=\"elementor-widget-container\">\n\t\t\t\t\t\t\t\t\t\t\t\t\t\t\t<img decoding=\"async\" width=\"1920\" height=\"1080\" src=\"https:\/\/www.a13pl.com\/wp-content\/uploads\/2024\/09\/Transport.jpg\" class=\"attachment-full size-full wp-image-341\" alt=\"\" srcset=\"https:\/\/www.a13pl.com\/wp-content\/uploads\/2024\/09\/Transport.jpg 1920w, https:\/\/www.a13pl.com\/wp-content\/uploads\/2024\/09\/Transport-300x169.jpg 300w, https:\/\/www.a13pl.com\/wp-content\/uploads\/2024\/09\/Transport-1024x576.jpg 1024w, https:\/\/www.a13pl.com\/wp-content\/uploads\/2024\/09\/Transport-768x432.jpg 768w, https:\/\/www.a13pl.com\/wp-content\/uploads\/2024\/09\/Transport-1536x864.jpg 1536w\" sizes=\"(max-width: 1920px) 100vw, 1920px\" title=\"Transport | A1 3PL\" \/>\t\t\t\t\t\t\t\t\t\t\t\t\t\t\t<\/div>\n\t\t\t\t<\/div>\n\t\t\t\t\t<\/div>\n\t\t<\/div>\n\t\t\t\t<div class=\"elementor-column elementor-col-50 elementor-top-column elementor-element elementor-element-51b9259a\" data-id=\"51b9259a\" data-element_type=\"column\">\n\t\t\t<div class=\"elementor-widget-wrap elementor-element-populated\">\n\t\t\t\t\t\t<div class=\"elementor-element elementor-element-2038d596 elementor-widget elementor-widget-heading\" data-id=\"2038d596\" data-element_type=\"widget\" data-widget_type=\"heading.default\">\n\t\t\t\t<div class=\"elementor-widget-container\">\n\t\t\t\t\t<h2 class=\"elementor-heading-title elementor-size-default\">Op\u00e9rations optimis\u00e9es<\/h2>\t\t\t\t<\/div>\n\t\t\t\t<\/div>\n\t\t\t\t<div class=\"elementor-element elementor-element-2dbddfb7 color-scheme-inherit text-left elementor-widget elementor-widget-text-editor\" data-id=\"2dbddfb7\" data-element_type=\"widget\" data-widget_type=\"text-editor.default\">\n\t\t\t\t<div class=\"elementor-widget-container\">\n\t\t\t\t\t\t\t\t\tVivez une logistique transparente avec nos services complets de transport, d\u2019entreposage et de distribution. Nos solutions de transport garantissent un d\u00e9placement efficace des marchandises, des itin\u00e9raires optimis\u00e9s et un d\u00e9douanement simplifi\u00e9. B\u00e9n\u00e9ficiez d\u2019options de stockage s\u00e9curis\u00e9es, d\u2019une gestion des stocks en temps r\u00e9el et d\u2019une ex\u00e9cution des commandes sans erreur. Nos services de centre de distribution optimisent les op\u00e9rations de la cha\u00eene d\u2019approvisionnement, tandis que la livraison du dernier kilom\u00e8tre assure des exp\u00e9ditions ponctuelles et fiables.\t\t\t\t\t\t\t\t<\/div>\n\t\t\t\t<\/div>\n\t\t\t\t\t<\/div>\n\t\t<\/div>\n\t\t\t\t\t<\/div>\n\t\t<\/section>\n\t\t\t\t<section class=\"wd-negative-gap elementor-section elementor-top-section elementor-element elementor-element-45702ae8 elementor-section-boxed elementor-section-height-default elementor-section-height-default\" data-id=\"45702ae8\" data-element_type=\"section\">\n\t\t\t\t\t\t<div class=\"elementor-container elementor-column-gap-default\">\n\t\t\t\t\t<div class=\"elementor-column elementor-col-100 elementor-top-column elementor-element elementor-element-77a19402\" data-id=\"77a19402\" data-element_type=\"column\">\n\t\t\t<div class=\"elementor-widget-wrap elementor-element-populated\">\n\t\t\t\t\t\t<div class=\"elementor-element elementor-element-7ac675ca elementor-widget elementor-widget-spacer\" data-id=\"7ac675ca\" data-element_type=\"widget\" data-widget_type=\"spacer.default\">\n\t\t\t\t<div class=\"elementor-widget-container\">\n\t\t\t\t\t\t\t<div class=\"elementor-spacer\">\n\t\t\t<div class=\"elementor-spacer-inner\"><\/div>\n\t\t<\/div>\n\t\t\t\t\t\t<\/div>\n\t\t\t\t<\/div>\n\t\t\t\t\t<\/div>\n\t\t<\/div>\n\t\t\t\t\t<\/div>\n\t\t<\/section>\n\t\t\t\t<\/div>\n\t\t","protected":false},"excerpt":{"rendered":"<p>Pourquoi choisir A1-3PL\u202f? Travailler avec nous signifie ne pas avoir \u00e0 supporter les co\u00fbts de loyer fixe, de structure et<\/p>\n","protected":false},"author":1,"featured_media":0,"parent":0,"menu_order":0,"comment_status":"closed","ping_status":"closed","template":"","meta":{"footnotes":""},"class_list":["post-70","page","type-page","status-publish","hentry"],"aioseo_notices":[],"_links":{"self":[{"href":"https:\/\/www.a13pl.com\/fr\/wp-json\/wp\/v2\/pages\/70","targetHints":{"allow":["GET"]}}],"collection":[{"href":"https:\/\/www.a13pl.com\/fr\/wp-json\/wp\/v2\/pages"}],"about":[{"href":"https:\/\/www.a13pl.com\/fr\/wp-json\/wp\/v2\/types\/page"}],"author":[{"embeddable":true,"href":"https:\/\/www.a13pl.com\/fr\/wp-json\/wp\/v2\/users\/1"}],"replies":[{"embeddable":true,"href":"https:\/\/www.a13pl.com\/fr\/wp-json\/wp\/v2\/comments?post=70"}],"version-history":[{"count":46,"href":"https:\/\/www.a13pl.com\/fr\/wp-json\/wp\/v2\/pages\/70\/revisions"}],"predecessor-version":[{"id":1497,"href":"https:\/\/www.a13pl.com\/fr\/wp-json\/wp\/v2\/pages\/70\/revisions\/1497"}],"wp:attachment":[{"href":"https:\/\/www.a13pl.com\/fr\/wp-json\/wp\/v2\/media?parent=70"}],"curies":[{"name":"wp","href":"https:\/\/api.w.org\/{rel}","templated":true}]}}